{"id":2682,"date":"2020-01-13T18:45:00","date_gmt":"2020-01-13T17:45:00","guid":{"rendered":"https:\/\/projetvertical.com\/?page_id=2682"},"modified":"2025-10-22T15:43:36","modified_gmt":"2025-10-22T14:43:36","slug":"schedules-directions-2","status":"publish","type":"page","link":"https:\/\/projetvertical.com\/en\/schedules-directions-2\/","title":{"rendered":"Schedules &#038; Directions"},"content":{"rendered":"<section class=\"group\" data-bg=\"bg-contact\">\n<div class=\"grid space fit\">\n<div class=\"col-6-12 reservation\">\n<h1 class=\"h2\">R\u00e9servez avec nous<\/h1>\n\n<div class=\"wpcf7 no-js\" id=\"wpcf7-f43-o1\" lang=\"fr-FR\" dir=\"ltr\" data-wpcf7-id=\"43\">\n<div class=\"screen-reader-response\"><p role=\"status\" aria-live=\"polite\" aria-atomic=\"true\"><\/p> <ul><\/ul><\/div>\n<form action=\"\/en\/wp-json\/wp\/v2\/pages\/2682#wpcf7-f43-o1\" method=\"post\" class=\"wpcf7-form init\" aria-label=\"Formulaire de contact\" novalidate=\"novalidate\" data-status=\"init\">\n<fieldset class=\"hidden-fields-container\"><input type=\"hidden\" name=\"_wpcf7\" value=\"43\" \/><input type=\"hidden\" name=\"_wpcf7_version\" value=\"6.1.5\" \/><input type=\"hidden\" name=\"_wpcf7_locale\" value=\"fr_FR\" \/><input type=\"hidden\" name=\"_wpcf7_unit_tag\" value=\"wpcf7-f43-o1\" \/><input type=\"hidden\" name=\"_wpcf7_container_post\" value=\"0\" \/><input type=\"hidden\" name=\"_wpcf7_posted_data_hash\" value=\"\" \/>\n<\/fieldset>\n<p><span class=\"wpcf7-form-control-wrap\" data-name=\"your-name\"><input size=\"40\" maxlength=\"400\" class=\"wpcf7-form-control wpcf7-text wpcf7-validates-as-required\" aria-required=\"true\" aria-invalid=\"false\" placeholder=\"Nom\" value=\"\" type=\"text\" name=\"your-name\" \/><\/span>\n<\/p>\n<p><span class=\"wpcf7-form-control-wrap\" data-name=\"your-email\"><input size=\"40\" maxlength=\"400\" class=\"wpcf7-form-control wpcf7-email wpcf7-validates-as-required wpcf7-text wpcf7-validates-as-email\" aria-required=\"true\" aria-invalid=\"false\" placeholder=\"Courriel\" value=\"\" type=\"email\" name=\"your-email\" \/><\/span>\n<\/p>\n<p><span class=\"wpcf7-form-control-wrap\" data-name=\"your-subject\"><input size=\"40\" maxlength=\"400\" class=\"wpcf7-form-control wpcf7-text wpcf7-validates-as-required\" aria-required=\"true\" aria-invalid=\"false\" placeholder=\"Sujet\" value=\"\" type=\"text\" name=\"your-subject\" \/><\/span>\n<\/p>\n<p><span class=\"wpcf7-form-control-wrap\" data-name=\"your-message\"><textarea cols=\"40\" rows=\"10\" maxlength=\"2000\" class=\"wpcf7-form-control wpcf7-textarea wpcf7-validates-as-required\" aria-required=\"true\" aria-invalid=\"false\" placeholder=\"Votre message\" name=\"your-message\"><\/textarea><\/span>\n<\/p>\n<div class=\"button no-pad fr\">\n\t<p><input class=\"wpcf7-form-control wpcf7-submit has-spinner\" type=\"submit\" value=\"ENVOYER\" \/>\n\t<\/p>\n<\/div>\n<p><br class=\"clear\" \/>\n<\/p><div class=\"wpcf7-response-output\" aria-hidden=\"true\"><\/div>\n<\/form>\n<\/div>\n\n<h2>Pour nous joindre<\/h2>\n<p>Projet vertical vous offre un service personnalis\u00e9 qui r\u00e9pondra \u00e0 vos besoins et disponibilit\u00e9s. Pour r\u00e9server une activit\u00e9 de Via Ferrata, tyrolienne, descente en rappel ou escalade, communiquez directement avec notre service \u00e0 la client\u00e8le ouvert 7 jours sur 7 de 8\u00a0h\u00a0\u00e0\u00a021\u00a0h.<\/p>\n<p class=\"h2\">(418) 997-8368<br \/>\n<a href=\"mailto:info@projetvertical.com\">info@projetvertical.com<\/a><\/p>\n<p>206, Route 138 Est, Beaupr\u00e9<br \/>\nCanada G0A 1E0<\/p>\n<\/div>\n<div class=\"col-6-12 policy\">\n<article class=\"border\">\n<h2>Politiques de r\u00e9servations<\/h2>\n<ul>\n<li>Tarifs avantageux pour les groupes de 12 personnes et plus, informez-vous.<\/li>\n<li>Modes de paiement accept\u00e9s :<br \/>\nSur r\u00e9servation\u00a0: Visa et MasterCard<br \/>\nSur place\u00a0: Visa, MasterCard, d\u00e9bit ou argent comptant.<\/li>\n<li>Les tarifs indiqu\u00e9s sont par participant et les taxes ne sont pas comprises.<\/li>\n<li>Le paiement total est demand\u00e9 lors de la r\u00e9servation.<\/li>\n<li>Si vous annulez \u00e0 moins de 14 jours de la date de r\u00e9servation, 40% du paiement sera conserv\u00e9.<\/li>\n<li>Pour une annulation \u00e0 moins de 48 heures de la r\u00e9servation, le paiement total sera conserv\u00e9.<\/li>\n<li>Les activit\u00e9s sont maintenues en cas de simple pluie.<\/li>\n<li>Projet vertical se r\u00e9serve le droit de retarder ou annuler les d\u00e9parts en cas de fortes pluies, de forts vents ou d\u2019orages.<\/li>\n<li>Projet vertical refusera le d\u00e9part \u00e0 toute personne ayant consomm\u00e9 alcool ou drogue. Dans un tel cas, aucun remboursement ne sera fait.<\/li>\n<\/ul>\n<h2>Acceptation des risques<\/h2>\n<p>Chaque participant doit remplir le formulaire d&#8217;acceptation des risques avant de participer aux activit\u00e9s de Via Ferrata, tyrolienne, descente en rappel ou escalade.<\/p>\n<p><a class=\"button\" href=\"https:\/\/projetvertical.com\/wp-content\/themes\/projetvertical\/pdfs\/acceptation_risques_fr.pdf\" target=\"_blank\" rel=\"noopener noreferrer\">Remplir le formulaire<\/a><\/p>\n<\/article>\n<\/div>\n<\/div>\n<\/section>\n<div class=\"map\"><\/div>\n<section class=\"grid space fit\">\n<h2 class=\"blue\">Notre \u00e9quipe<\/h2>\n<div class=\"\">\n<div class=\"col-4-12 team\">\n<p><img decoding=\"async\" src=\"https:\/\/projetvertical.com\/wp-content\/themes\/projetvertical\/img\/contact-sfortier.jpg\" alt=\"S\u00e9bastien Fortier\" \/><\/p>\n<div class=\"hover content\">\n<h3>S\u00e9bastien Fortier<\/h3>\n<p>Pr\u00e9sident<br \/>\n<a href=\"mailto:seb@projetvertical.com\">seb@projetvertical.com<\/a><\/p>\n<\/div>\n<\/div>\n<div class=\"col-4-12 team\">\n<p><img decoding=\"async\" src=\"https:\/\/projetvertical.com\/wp-content\/themes\/projetvertical\/img\/contact-jmercier.jpg\" alt=\"Janie Mercier\" \/><\/p>\n<div class=\"hover content\">\n<h3>Janie Mercier<\/h3>\n<p>Coordonnatrice<br \/>\n<a href=\"mailto:ventes@projetvertical.com\">ventes@projetvertical.com<\/a><\/p>\n<\/div>\n<\/div>\n<div class=\"col-4-12 team\">\n<p><img decoding=\"async\" src=\"https:\/\/projetvertical.com\/wp-content\/themes\/projetvertical\/img\/contact-bg.gif\" alt=\"Janie Mercier\" \/><\/p>\n<div class=\"content\">\n<h3>Emploi Disponible<\/h3>\n<p>Guide d\u2019escalade<br \/>\n<a href=\"mailto:info@projetvertical.com\">info@projetvertical.com<\/a><br \/>\n<a href=\"https:\/\/projetvertical.com\/wp-content\/themes\/projetvertical\/pdfs\/emploi.pdf\" target=\"_blank\" rel=\"noopener noreferrer\">En savoir plus <\/a><\/p>\n<\/div>\n<\/div>\n<\/div>\n<\/section>\n","protected":false},"excerpt":{"rendered":"R\u00e9servez avec nous Pour nous joindre Projet vertical vous offre un service personnalis\u00e9 qui r\u00e9pondra \u00e0 vos besoins et disponibilit\u00e9s. Pour r\u00e9server une activit\u00e9 de Via Ferrata, tyrolienne, descente en rappel ou escalade, communiquez directement avec notre service \u00e0 la client\u00e8le ouvert 7 jours sur 7 de 8\u00a0h\u00a0\u00e0\u00a021\u00a0h. (418) 997-8368 info@projetvertical.com 206, Route 138 Est,&#8230; <a class=\"view-article\" href=\"https:\/\/projetvertical.com\/en\/schedules-directions-2\/\">View Article<\/a>","protected":false},"author":2,"featured_media":0,"parent":0,"menu_order":0,"comment_status":"closed","ping_status":"closed","template":"contact.php","meta":{"footnotes":""},"class_list":["post-2682","page","type-page","status-publish","hentry"],"yoast_head":"<!-- This site is optimized with the Yoast SEO plugin v27.4 - https:\/\/yoast.com\/product\/yoast-seo-wordpress\/ -->\n<title>Schedules &amp; Directions - Projet vertical | via ferrata, tyrolienne et escalade<\/title>\n<meta name=\"description\" content=\"Projet Vertical organise des activit\u00e9s de via ferrata, de tyrolienne et d\u2019escalade. L\u2019\u00e9quipe de guides professionnels accompagne les passionn\u00e9s d\u2019aventure \u00e0 travers leur Projet vertical via la montagne \u00ae. Marque d\u00e9pos\u00e9e au Canada.\" \/>\n<meta name=\"robots\" content=\"index, follow, max-snippet:-1, max-image-preview:large, max-video-preview:-1\" \/>\n<link rel=\"canonical\" href=\"https:\/\/projetvertical.com\/en\/schedules-directions-2\/\" \/>\n<meta property=\"og:locale\" content=\"en_US\" \/>\n<meta property=\"og:type\" content=\"article\" \/>\n<meta property=\"og:title\" content=\"Schedules &amp; Directions - Projet vertical | via ferrata, tyrolienne et escalade\" \/>\n<meta property=\"og:description\" content=\"Projet Vertical organise des activit\u00e9s de via ferrata, de tyrolienne et d\u2019escalade. L\u2019\u00e9quipe de guides professionnels accompagne les passionn\u00e9s d\u2019aventure \u00e0 travers leur Projet vertical via la montagne \u00ae. Marque d\u00e9pos\u00e9e au Canada.\" \/>\n<meta property=\"og:url\" content=\"https:\/\/projetvertical.com\/en\/schedules-directions-2\/\" \/>\n<meta property=\"og:site_name\" content=\"Projet vertical | via ferrata, tyrolienne et escalade\" \/>\n<meta property=\"article:publisher\" content=\"https:\/\/www.facebook.com\/Projetvertical\/?fref=ts\" \/>\n<meta property=\"article:modified_time\" content=\"2025-10-22T14:43:36+00:00\" \/>\n<meta property=\"og:image\" content=\"https:\/\/projetvertical.com\/wp-content\/themes\/projetvertical\/img\/contact-sfortier.jpg\" \/>\n<meta name=\"twitter:card\" content=\"summary_large_image\" \/>\n<meta name=\"twitter:label1\" content=\"Est. reading time\" \/>\n\t<meta name=\"twitter:data1\" content=\"2 minutes\" \/>\n<script type=\"application\/ld+json\" class=\"yoast-schema-graph\">{\"@context\":\"https:\\\/\\\/schema.org\",\"@graph\":[{\"@type\":\"WebPage\",\"@id\":\"https:\\\/\\\/projetvertical.com\\\/en\\\/schedules-directions-2\\\/\",\"url\":\"https:\\\/\\\/projetvertical.com\\\/en\\\/schedules-directions-2\\\/\",\"name\":\"Schedules & Directions - Projet vertical | via ferrata, tyrolienne et escalade\",\"isPartOf\":{\"@id\":\"https:\\\/\\\/projetvertical.com\\\/#website\"},\"primaryImageOfPage\":{\"@id\":\"https:\\\/\\\/projetvertical.com\\\/en\\\/schedules-directions-2\\\/#primaryimage\"},\"image\":{\"@id\":\"https:\\\/\\\/projetvertical.com\\\/en\\\/schedules-directions-2\\\/#primaryimage\"},\"thumbnailUrl\":\"https:\\\/\\\/projetvertical.com\\\/wp-content\\\/themes\\\/projetvertical\\\/img\\\/contact-sfortier.jpg\",\"datePublished\":\"2020-01-13T17:45:00+00:00\",\"dateModified\":\"2025-10-22T14:43:36+00:00\",\"description\":\"Projet Vertical organise des activit\u00e9s de via ferrata, de tyrolienne et d\u2019escalade. L\u2019\u00e9quipe de guides professionnels accompagne les passionn\u00e9s d\u2019aventure \u00e0 travers leur Projet vertical via la montagne \u00ae. Marque d\u00e9pos\u00e9e au Canada.\",\"breadcrumb\":{\"@id\":\"https:\\\/\\\/projetvertical.com\\\/en\\\/schedules-directions-2\\\/#breadcrumb\"},\"inLanguage\":\"en-US\",\"potentialAction\":[{\"@type\":\"ReadAction\",\"target\":[\"https:\\\/\\\/projetvertical.com\\\/en\\\/schedules-directions-2\\\/\"]}]},{\"@type\":\"ImageObject\",\"inLanguage\":\"en-US\",\"@id\":\"https:\\\/\\\/projetvertical.com\\\/en\\\/schedules-directions-2\\\/#primaryimage\",\"url\":\"https:\\\/\\\/projetvertical.com\\\/wp-content\\\/themes\\\/projetvertical\\\/img\\\/contact-sfortier.jpg\",\"contentUrl\":\"https:\\\/\\\/projetvertical.com\\\/wp-content\\\/themes\\\/projetvertical\\\/img\\\/contact-sfortier.jpg\"},{\"@type\":\"BreadcrumbList\",\"@id\":\"https:\\\/\\\/projetvertical.com\\\/en\\\/schedules-directions-2\\\/#breadcrumb\",\"itemListElement\":[{\"@type\":\"ListItem\",\"position\":1,\"name\":\"Accueil\",\"item\":\"https:\\\/\\\/projetvertical.com\\\/en\\\/\"},{\"@type\":\"ListItem\",\"position\":2,\"name\":\"Schedules &#038; Directions\"}]},{\"@type\":\"WebSite\",\"@id\":\"https:\\\/\\\/projetvertical.com\\\/#website\",\"url\":\"https:\\\/\\\/projetvertical.com\\\/\",\"name\":\"Projet vertical | via ferrata, tyrolienne et escalade\",\"description\":\"Projet vertical | via ferrata, tyrolienne et escalade\",\"potentialAction\":[{\"@type\":\"SearchAction\",\"target\":{\"@type\":\"EntryPoint\",\"urlTemplate\":\"https:\\\/\\\/projetvertical.com\\\/?s={search_term_string}\"},\"query-input\":{\"@type\":\"PropertyValueSpecification\",\"valueRequired\":true,\"valueName\":\"search_term_string\"}}],\"inLanguage\":\"en-US\"}]}<\/script>\n<!-- \/ Yoast SEO plugin. -->","yoast_head_json":{"title":"Schedules & Directions - Projet vertical | via ferrata, tyrolienne et escalade","description":"Projet Vertical organise des activit\u00e9s de via ferrata, de tyrolienne et d\u2019escalade. L\u2019\u00e9quipe de guides professionnels accompagne les passionn\u00e9s d\u2019aventure \u00e0 travers leur Projet vertical via la montagne \u00ae. Marque d\u00e9pos\u00e9e au Canada.","robots":{"index":"index","follow":"follow","max-snippet":"max-snippet:-1","max-image-preview":"max-image-preview:large","max-video-preview":"max-video-preview:-1"},"canonical":"https:\/\/projetvertical.com\/en\/schedules-directions-2\/","og_locale":"en_US","og_type":"article","og_title":"Schedules & Directions - Projet vertical | via ferrata, tyrolienne et escalade","og_description":"Projet Vertical organise des activit\u00e9s de via ferrata, de tyrolienne et d\u2019escalade. L\u2019\u00e9quipe de guides professionnels accompagne les passionn\u00e9s d\u2019aventure \u00e0 travers leur Projet vertical via la montagne \u00ae. Marque d\u00e9pos\u00e9e au Canada.","og_url":"https:\/\/projetvertical.com\/en\/schedules-directions-2\/","og_site_name":"Projet vertical | via ferrata, tyrolienne et escalade","article_publisher":"https:\/\/www.facebook.com\/Projetvertical\/?fref=ts","article_modified_time":"2025-10-22T14:43:36+00:00","og_image":[{"url":"https:\/\/projetvertical.com\/wp-content\/themes\/projetvertical\/img\/contact-sfortier.jpg","type":"","width":"","height":""}],"twitter_card":"summary_large_image","twitter_misc":{"Est. reading time":"2 minutes"},"schema":{"@context":"https:\/\/schema.org","@graph":[{"@type":"WebPage","@id":"https:\/\/projetvertical.com\/en\/schedules-directions-2\/","url":"https:\/\/projetvertical.com\/en\/schedules-directions-2\/","name":"Schedules & Directions - Projet vertical | via ferrata, tyrolienne et escalade","isPartOf":{"@id":"https:\/\/projetvertical.com\/#website"},"primaryImageOfPage":{"@id":"https:\/\/projetvertical.com\/en\/schedules-directions-2\/#primaryimage"},"image":{"@id":"https:\/\/projetvertical.com\/en\/schedules-directions-2\/#primaryimage"},"thumbnailUrl":"https:\/\/projetvertical.com\/wp-content\/themes\/projetvertical\/img\/contact-sfortier.jpg","datePublished":"2020-01-13T17:45:00+00:00","dateModified":"2025-10-22T14:43:36+00:00","description":"Projet Vertical organise des activit\u00e9s de via ferrata, de tyrolienne et d\u2019escalade. L\u2019\u00e9quipe de guides professionnels accompagne les passionn\u00e9s d\u2019aventure \u00e0 travers leur Projet vertical via la montagne \u00ae. Marque d\u00e9pos\u00e9e au Canada.","breadcrumb":{"@id":"https:\/\/projetvertical.com\/en\/schedules-directions-2\/#breadcrumb"},"inLanguage":"en-US","potentialAction":[{"@type":"ReadAction","target":["https:\/\/projetvertical.com\/en\/schedules-directions-2\/"]}]},{"@type":"ImageObject","inLanguage":"en-US","@id":"https:\/\/projetvertical.com\/en\/schedules-directions-2\/#primaryimage","url":"https:\/\/projetvertical.com\/wp-content\/themes\/projetvertical\/img\/contact-sfortier.jpg","contentUrl":"https:\/\/projetvertical.com\/wp-content\/themes\/projetvertical\/img\/contact-sfortier.jpg"},{"@type":"BreadcrumbList","@id":"https:\/\/projetvertical.com\/en\/schedules-directions-2\/#breadcrumb","itemListElement":[{"@type":"ListItem","position":1,"name":"Accueil","item":"https:\/\/projetvertical.com\/en\/"},{"@type":"ListItem","position":2,"name":"Schedules &#038; Directions"}]},{"@type":"WebSite","@id":"https:\/\/projetvertical.com\/#website","url":"https:\/\/projetvertical.com\/","name":"Projet vertical | via ferrata, tyrolienne et escalade","description":"Projet vertical | via ferrata, tyrolienne et escalade","potentialAction":[{"@type":"SearchAction","target":{"@type":"EntryPoint","urlTemplate":"https:\/\/projetvertical.com\/?s={search_term_string}"},"query-input":{"@type":"PropertyValueSpecification","valueRequired":true,"valueName":"search_term_string"}}],"inLanguage":"en-US"}]}},"_links":{"self":[{"href":"https:\/\/projetvertical.com\/en\/wp-json\/wp\/v2\/pages\/2682","targetHints":{"allow":["GET"]}}],"collection":[{"href":"https:\/\/projetvertical.com\/en\/wp-json\/wp\/v2\/pages"}],"about":[{"href":"https:\/\/projetvertical.com\/en\/wp-json\/wp\/v2\/types\/page"}],"author":[{"embeddable":true,"href":"https:\/\/projetvertical.com\/en\/wp-json\/wp\/v2\/users\/2"}],"replies":[{"embeddable":true,"href":"https:\/\/projetvertical.com\/en\/wp-json\/wp\/v2\/comments?post=2682"}],"version-history":[{"count":23,"href":"https:\/\/projetvertical.com\/en\/wp-json\/wp\/v2\/pages\/2682\/revisions"}],"predecessor-version":[{"id":3937,"href":"https:\/\/projetvertical.com\/en\/wp-json\/wp\/v2\/pages\/2682\/revisions\/3937"}],"wp:attachment":[{"href":"https:\/\/projetvertical.com\/en\/wp-json\/wp\/v2\/media?parent=2682"}],"curies":[{"name":"wp","href":"https:\/\/api.w.org\/{rel}","templated":true}]}}